{"id":19,"date":"2026-05-12T15:56:16","date_gmt":"2026-05-12T15:56:16","guid":{"rendered":"https:\/\/tolemia.com\/p\/cotton-areia\/"},"modified":"2026-05-12T21:57:29","modified_gmt":"2026-05-12T21:57:29","slug":"cotton-areia","status":"publish","type":"product","link":"https:\/\/tolemia.com\/es\/p\/cotton-areia\/","title":{"rendered":"Cotton Areia"},"content":{"rendered":"<p>Algod\u00f3n natural de tonalidade area. Ideal para camisar\u00eda e pezas lixeiras de ver\u00e1n.<\/p>","protected":false},"excerpt":{"rendered":"<p>Algod\u00f3n en ton area, suave e lavable.<\/p>","protected":false},"featured_media":27,"comment_status":"open","ping_status":"closed","template":"","meta":[],"product_brand":[],"product_cat":[17],"product_tag":[],"class_list":{"0":"post-19","1":"product","2":"type-product","3":"status-publish","4":"has-post-thumbnail","6":"product_cat-algodon","7":"pa_composicion-100-algodon","8":"pa_cor-areia","10":"first","11":"instock","12":"shipping-taxable","13":"purchasable","14":"product-type-simple"},"_links":{"self":[{"href":"https:\/\/tolemia.com\/es\/wp-json\/wp\/v2\/product\/19","targetHints":{"allow":["GET"]}}],"collection":[{"href":"https:\/\/tolemia.com\/es\/wp-json\/wp\/v2\/product"}],"about":[{"href":"https:\/\/tolemia.com\/es\/wp-json\/wp\/v2\/types\/product"}],"replies":[{"embeddable":true,"href":"https:\/\/tolemia.com\/es\/wp-json\/wp\/v2\/comments?post=19"}],"wp:featuredmedia":[{"embeddable":true,"href":"https:\/\/tolemia.com\/es\/wp-json\/wp\/v2\/media\/27"}],"wp:attachment":[{"href":"https:\/\/tolemia.com\/es\/wp-json\/wp\/v2\/media?parent=19"}],"wp:term":[{"taxonomy":"product_brand","embeddable":true,"href":"https:\/\/tolemia.com\/es\/wp-json\/wp\/v2\/product_brand?post=19"},{"taxonomy":"product_cat","embeddable":true,"href":"https:\/\/tolemia.com\/es\/wp-json\/wp\/v2\/product_cat?post=19"},{"taxonomy":"product_tag","embeddable":true,"href":"https:\/\/tolemia.com\/es\/wp-json\/wp\/v2\/product_tag?post=19"}],"curies":[{"name":"wp","href":"https:\/\/api.w.org\/{rel}","templated":true}]}}