{"id":20,"date":"2026-05-12T15:56:18","date_gmt":"2026-05-12T15:56:18","guid":{"rendered":"https:\/\/tolemia.com\/p\/lunares-salvia\/"},"modified":"2026-05-12T21:57:29","modified_gmt":"2026-05-12T21:57:29","slug":"lunares-salvia","status":"publish","type":"product","link":"https:\/\/tolemia.com\/es\/p\/lunares-salvia\/","title":{"rendered":"Lunares Salvia"},"content":{"rendered":"<p>Popel\u00edn de algod\u00f3n estampado con lunares verde salvia sobre fondo cru. Excelente ca\u00edda.<\/p>","protected":false},"excerpt":{"rendered":"<p>Popel\u00edn de algod\u00f3n con lunares verde salvia.<\/p>","protected":false},"featured_media":28,"comment_status":"open","ping_status":"closed","template":"","meta":[],"product_brand":[],"product_cat":[17,64,20],"product_tag":[],"class_list":{"0":"post-20","1":"product","2":"type-product","3":"status-publish","4":"has-post-thumbnail","6":"product_cat-algodon","7":"product_cat-popelin","8":"product_cat-telas-estampadas","9":"pa_composicion-100-algodon","10":"pa_cor-cru-con-salvia","12":"first","13":"instock","14":"shipping-taxable","15":"purchasable","16":"product-type-simple"},"_links":{"self":[{"href":"https:\/\/tolemia.com\/es\/wp-json\/wp\/v2\/product\/20","targetHints":{"allow":["GET"]}}],"collection":[{"href":"https:\/\/tolemia.com\/es\/wp-json\/wp\/v2\/product"}],"about":[{"href":"https:\/\/tolemia.com\/es\/wp-json\/wp\/v2\/types\/product"}],"replies":[{"embeddable":true,"href":"https:\/\/tolemia.com\/es\/wp-json\/wp\/v2\/comments?post=20"}],"wp:featuredmedia":[{"embeddable":true,"href":"https:\/\/tolemia.com\/es\/wp-json\/wp\/v2\/media\/28"}],"wp:attachment":[{"href":"https:\/\/tolemia.com\/es\/wp-json\/wp\/v2\/media?parent=20"}],"wp:term":[{"taxonomy":"product_brand","embeddable":true,"href":"https:\/\/tolemia.com\/es\/wp-json\/wp\/v2\/product_brand?post=20"},{"taxonomy":"product_cat","embeddable":true,"href":"https:\/\/tolemia.com\/es\/wp-json\/wp\/v2\/product_cat?post=20"},{"taxonomy":"product_tag","embeddable":true,"href":"https:\/\/tolemia.com\/es\/wp-json\/wp\/v2\/product_tag?post=20"}],"curies":[{"name":"wp","href":"https:\/\/api.w.org\/{rel}","templated":true}]}}