{"id":23,"date":"2026-05-12T15:56:24","date_gmt":"2026-05-12T15:56:24","guid":{"rendered":"https:\/\/tolemia.com\/p\/salvia-lina\/"},"modified":"2026-05-12T21:57:30","modified_gmt":"2026-05-12T21:57:30","slug":"salvia-lina","status":"publish","type":"product","link":"https:\/\/tolemia.com\/es\/p\/salvia-lina\/","title":{"rendered":"Salvia Li\u00f1a"},"content":{"rendered":"<p>Mistura li\u00f1o-algod\u00f3n en verde salvia. Vers\u00e1til: confecci\u00f3n, decoraci\u00f3n, manteis.<\/p>","protected":false},"excerpt":{"rendered":"<p>Mistura li\u00f1o-algod\u00f3n en verde salvia.<\/p>","protected":false},"featured_media":31,"comment_status":"open","ping_status":"closed","template":"","meta":[],"product_brand":[],"product_cat":[17,18],"product_tag":[],"class_list":{"0":"post-23","1":"product","2":"type-product","3":"status-publish","4":"has-post-thumbnail","6":"product_cat-algodon","7":"product_cat-lino","8":"pa_composicion-55-lino--45-algodon","9":"pa_cor-verde-salvia","11":"first","12":"instock","13":"shipping-taxable","14":"purchasable","15":"product-type-simple"},"_links":{"self":[{"href":"https:\/\/tolemia.com\/es\/wp-json\/wp\/v2\/product\/23","targetHints":{"allow":["GET"]}}],"collection":[{"href":"https:\/\/tolemia.com\/es\/wp-json\/wp\/v2\/product"}],"about":[{"href":"https:\/\/tolemia.com\/es\/wp-json\/wp\/v2\/types\/product"}],"replies":[{"embeddable":true,"href":"https:\/\/tolemia.com\/es\/wp-json\/wp\/v2\/comments?post=23"}],"wp:featuredmedia":[{"embeddable":true,"href":"https:\/\/tolemia.com\/es\/wp-json\/wp\/v2\/media\/31"}],"wp:attachment":[{"href":"https:\/\/tolemia.com\/es\/wp-json\/wp\/v2\/media?parent=23"}],"wp:term":[{"taxonomy":"product_brand","embeddable":true,"href":"https:\/\/tolemia.com\/es\/wp-json\/wp\/v2\/product_brand?post=23"},{"taxonomy":"product_cat","embeddable":true,"href":"https:\/\/tolemia.com\/es\/wp-json\/wp\/v2\/product_cat?post=23"},{"taxonomy":"product_tag","embeddable":true,"href":"https:\/\/tolemia.com\/es\/wp-json\/wp\/v2\/product_tag?post=23"}],"curies":[{"name":"wp","href":"https:\/\/api.w.org\/{rel}","templated":true}]}}